{"id":961,"date":"2026-03-03T22:13:40","date_gmt":"2026-03-03T22:13:40","guid":{"rendered":"https:\/\/klipo.org\/?page_id=961"},"modified":"2026-03-09T22:38:55","modified_gmt":"2026-03-09T22:38:55","slug":"academy","status":"publish","type":"page","link":"https:\/\/klipo.org\/es\/academy\/","title":{"rendered":"Academia"},"content":{"rendered":"<div data-elementor-type=\"wp-page\" data-elementor-id=\"961\" class=\"elementor elementor-961\" data-elementor-post-type=\"page\">\n\t\t\t\t<div class=\"elementor-element elementor-element-a77a9e8 e-flex e-con-boxed e-con e-parent\" data-id=\"a77a9e8\" data-element_type=\"container\" data-e-type=\"container\" data-settings=\"{&quot;background_background&quot;:&quot;video&quot;,&quot;jet_parallax_layout_list&quot;:[],&quot;background_video_link&quot;:&quot;https:\\\/\\\/youtu.be\\\/-1MYP-r5wC0&quot;}\">\n\t\t\t\t\t<div class=\"e-con-inner\">\n\t\t<div class=\"elementor-background-video-container elementor-hidden-mobile\">\n\t\t\t\t\t\t\t<div class=\"elementor-background-video-embed\" role=\"presentation\"><\/div>\n\t\t\t\t\t\t<\/div>\t\t<div class=\"elementor-element elementor-element-0df6c36 elementor-widget elementor-widget-jet-animated-text\" data-id=\"0df6c36\" data-element_type=\"widget\" data-e-type=\"widget\" data-widget_type=\"jet-animated-text.default\">\n\t\t\t\t<div class=\"elementor-widget-container\">\n\t\t\t\t\t<div class=\"elementor-jet-animated-text jet-elements\">\n<div class=\"jet-animated-text jet-animated-text--effect-fx2\" data-settings='{&quot;effect&quot;:&quot;fx2&quot;,&quot;delay&quot;:3000}'>\n\t<div class=\"jet-animated-text__before-text\">\n\t<span>\ud83d\ude80<\/span>&nbsp;<span>Empower<\/span>&nbsp;<span>Your<\/span>&nbsp;<span>Future<\/span>&nbsp;<span>with<\/span>&nbsp;<\/div>\n\t<div class=\"jet-animated-text__animated-text\">\n<div class=\"jet-animated-text__animated-text-item active visible\" dir=\"ltr\">\n\t<span>A<\/span><span>r<\/span><span>t<\/span><span>i<\/span><span>f<\/span><span>i<\/span><span>c<\/span><span>i<\/span><span>a<\/span><span>l<\/span><span>&nbsp;<\/span><span>I<\/span><span>n<\/span><span>t<\/span><span>e<\/span><span>l<\/span><span>l<\/span><span>i<\/span><span>g<\/span><span>e<\/span><span>n<\/span><span>c<\/span><span>e<\/span><\/div>\n<div class=\"jet-animated-text__animated-text-item\" dir=\"ltr\">\n\t<span>D<\/span><span>a<\/span><span>t<\/span><span>a<\/span><span>&nbsp;<\/span><span>S<\/span><span>c<\/span><span>i<\/span><span>e<\/span><span>n<\/span><span>c<\/span><span>e<\/span><\/div>\n<div class=\"jet-animated-text__animated-text-item\" dir=\"ltr\">\n\t<span>L<\/span><span>e<\/span><span>a<\/span><span>r<\/span><span>n<\/span><span>&nbsp;<\/span><span>A<\/span><span>I<\/span><\/div>\n<\/div>\t<\/div><\/div>\t\t\t\t<\/div>\n\t\t\t\t<\/div>\n\t\t\t\t<div class=\"elementor-element elementor-element-1cab2d6 elementor-widget elementor-widget-text-editor\" data-id=\"1cab2d6\" data-element_type=\"widget\" data-e-type=\"widget\" data-widget_type=\"text-editor.default\">\n\t\t\t\t<div class=\"elementor-widget-container\">\n\t\t\t\t\t\t\t\t\t<p>Descubre c\u00f3mo la IA est\u00e1 transformando industrias, optimizando procesos y creando nuevas oportunidades. Aprende a dominar esta tecnolog\u00eda y lleva tu negocio o carrera al siguiente nivel.<\/p>\t\t\t\t\t\t\t\t<\/div>\n\t\t\t\t<\/div>\n\t\t\t\t<div class=\"elementor-element elementor-element-a712eec elementor-widget elementor-widget-button\" data-id=\"a712eec\" data-element_type=\"widget\" data-e-type=\"widget\" data-widget_type=\"button.default\">\n\t\t\t\t<div class=\"elementor-widget-container\">\n\t\t\t\t\t\t\t\t\t<div class=\"elementor-button-wrapper\">\n\t\t\t\t\t<a class=\"elementor-button elementor-button-link elementor-size-sm\" href=\"https:\/\/outlook.office.com\/book\/ClaseDemo@klipo.org\/?ismsaljsauthenabled\">\n\t\t\t\t\t\t<span class=\"elementor-button-content-wrapper\">\n\t\t\t\t\t\t<span class=\"elementor-button-icon\">\n\t\t\t\t<svg xmlns=\"http:\/\/www.w3.org\/2000\/svg\" xmlns:xlink=\"http:\/\/www.w3.org\/1999\/xlink\" xmlns:serif=\"http:\/\/www.serif.com\/\" width=\"100%\" height=\"100%\" viewbox=\"0 0 512 512\" xml:space=\"preserve\" style=\"fill-rule:evenodd;clip-rule:evenodd;stroke-linejoin:round;stroke-miterlimit:2;\">    <g transform=\"matrix(1,0,0,1,335,106)\">        <path d=\"M0,0C4.163,3.496 8.087,7.228 12,11L14.176,12.984C20.465,18.883 25.235,25.861 30,33L31.91,35.832C35.734,41.921 38.546,48.335 41.188,55L42.161,57.385C48.865,75.055 49.606,93.067 49.531,111.75C49.534,114.185 49.538,116.619 49.543,119.054C49.549,124.123 49.54,129.192 49.521,134.262C49.499,140.703 49.512,147.143 49.536,153.585C49.55,158.602 49.546,163.619 49.535,168.637C49.533,171.009 49.536,173.382 49.545,175.755C49.66,212.889 39.003,244.841 13,272L10.93,274.262C4.667,280.882 -2.443,285.98 -10,291L-12.828,292.906C-40.398,310.236 -76.795,314.958 -108.377,307.839C-132.122,301.843 -152.449,289.918 -170,273L-172.176,271.016C-178.465,265.117 -183.235,258.139 -188,251L-189.91,248.168C-193.734,242.079 -196.546,235.665 -199.188,229L-200.161,226.615C-206.865,208.945 -207.606,190.933 -207.531,172.25C-207.534,169.815 -207.538,167.381 -207.543,164.946C-207.549,159.877 -207.54,154.808 -207.521,149.738C-207.499,143.297 -207.512,136.857 -207.536,130.415C-207.55,125.398 -207.546,120.381 -207.535,115.363C-207.533,112.991 -207.536,110.618 -207.545,108.245C-207.663,70.401 -196.583,38.578 -170,11L-168.016,8.824C-162.117,2.535 -155.139,-2.235 -148,-7L-145.168,-8.91C-101.47,-36.354 -40.126,-31.836 0,0ZM-79,4.667C-125.269,4.667 -162.833,42.231 -162.833,88.5C-162.833,134.769 -125.269,172.333 -79,172.333C-32.731,172.333 4.833,134.769 4.833,88.5C4.833,42.231 -32.731,4.667 -79,4.667ZM31.047,-13.021C16.947,-24.651 -7.636,-48.704 -61.471,-55.714C-67.24,-56.466 -99.66,-60.687 -133.652,-46.877C-248.039,-0.403 -238.053,96.433 -238.365,176.501C-238.528,218.223 -235.556,229.871 -256.5,230.507C-278.78,231.183 -313.82,232.969 -318.701,195.525C-320.37,182.72 -319.363,111.39 -319.251,109.517C-316.532,64.005 -272.767,70.439 -269.422,68.598C-267.995,67.813 -261.957,29.683 -242.054,-1.215C-182.127,-94.248 -65.211,-112.864 16.233,-65.048C92.732,-20.134 103.051,38.721 110.423,66.52C111.33,69.941 112.753,68.484 125.442,69.913C142.133,71.792 157.984,83.383 160.632,102.481C162.436,115.485 161.303,189.229 161.292,189.493C159.514,232.637 120.116,230.566 113.523,230.907C110.159,231.081 110.146,234.693 107.253,246.437C92.132,307.812 38.501,377.381 -55.545,389.199C-76.583,391.843 -93.146,391.413 -95.036,378.411C-98.318,355.838 -77.88,357.237 -66.454,355.978C-55.448,354.765 15.109,346.987 53.109,286.254C85.664,234.223 80.211,196.829 80.209,146.5C80.207,54.459 66.179,26.222 31.047,-13.021Z\"><\/path>    <\/g><\/svg>\t\t\t<\/span>\n\t\t\t\t\t\t\t\t\t<span class=\"elementor-button-text\">Booking a call<\/span>\n\t\t\t\t\t<\/span>\n\t\t\t\t\t<\/a>\n\t\t\t\t<\/div>\n\t\t\t\t\t\t\t\t<\/div>\n\t\t\t\t<\/div>\n\t\t\t\t\t<\/div>\n\t\t\t\t<\/div>\n\t\t<div class=\"elementor-element elementor-element-8c5fced e-flex e-con-boxed e-con e-parent\" data-id=\"8c5fced\" data-element_type=\"container\" data-e-type=\"container\" data-settings=\"{&quot;jet_parallax_layout_list&quot;:[]}\">\n\t\t\t\t\t<div class=\"e-con-inner\">\n\t\t<div class=\"elementor-element elementor-element-da03c56 e-con-full e-flex e-con e-child\" data-id=\"da03c56\" data-element_type=\"container\" data-e-type=\"container\" data-settings=\"{&quot;jet_parallax_layout_list&quot;:[]}\">\n\t\t\t\t<div class=\"elementor-element elementor-element-1a67bfd elementor-widget elementor-widget-heading\" data-id=\"1a67bfd\" data-element_type=\"widget\" data-e-type=\"widget\" data-widget_type=\"heading.default\">\n\t\t\t\t<div class=\"elementor-widget-container\">\n\t\t\t\t\t<h2 class=\"elementor-heading-title elementor-size-default\">IA PARA LA SIGUIENTE GENERACION DE TARTUPS<\/h2>\t\t\t\t<\/div>\n\t\t\t\t<\/div>\n\t\t\t\t<div class=\"elementor-element elementor-element-a6de32b elementor-widget elementor-widget-text-editor\" data-id=\"a6de32b\" data-element_type=\"widget\" data-e-type=\"widget\" data-widget_type=\"text-editor.default\">\n\t\t\t\t<div class=\"elementor-widget-container\">\n\t\t\t\t\t\t\t\t\t<p class=\"ds-markdown-paragraph\">Para emprendedores y startups que buscan liderar la inteligencia artificial, ofrecemos un\u00a0<strong>programa estructurado de entrenamiento en IA<\/strong>\u00a0de tres niveles progresivos:<\/p><ul><li><p class=\"ds-markdown-paragraph\"><strong>Fundamentos de IA<\/strong>\u00a0\u2013 Comprensi\u00f3n de los conceptos b\u00e1sicos de IA y sus aplicaciones en el mundo real.<\/p><\/li><li><p class=\"ds-markdown-paragraph\"><strong>IA - Nivel Intermedio<\/strong>\u00a0\u2013 Implementaci\u00f3n de herramientas de IA para el crecimiento empresarial.<\/p><\/li><li><p class=\"ds-markdown-paragraph\"><strong>IA - Nivel Avanzado<\/strong>\u00a0\u2013 Domina las estrategias y la automatizaci\u00f3n impulsadas por IA.<\/p><\/li><\/ul><p class=\"ds-markdown-paragraph\">Este programa de estudios esta hecho a medida para ayudar a las startups para\u00a0<strong>mejorar su eficiencia, innovar y estar al d\u00eda en un mundo competitivo.<\/strong>\u00a0in a competitive<\/p>\t\t\t\t\t\t\t\t<\/div>\n\t\t\t\t<\/div>\n\t\t\t\t<\/div>\n\t\t<div class=\"elementor-element elementor-element-97d317e e-con-full e-flex e-con e-child\" data-id=\"97d317e\" data-element_type=\"container\" data-e-type=\"container\" data-settings=\"{&quot;jet_parallax_layout_list&quot;:[]}\">\n\t\t\t\t<div class=\"elementor-element elementor-element-59703d4 elementor-widget elementor-widget-image-carousel\" data-id=\"59703d4\" data-element_type=\"widget\" data-e-type=\"widget\" data-settings=\"{&quot;slides_to_show&quot;:&quot;1&quot;,&quot;navigation&quot;:&quot;none&quot;,&quot;autoplay&quot;:&quot;yes&quot;,&quot;pause_on_hover&quot;:&quot;yes&quot;,&quot;pause_on_interaction&quot;:&quot;yes&quot;,&quot;autoplay_speed&quot;:5000,&quot;infinite&quot;:&quot;yes&quot;,&quot;effect&quot;:&quot;slide&quot;,&quot;speed&quot;:500}\" data-widget_type=\"image-carousel.default\">\n\t\t\t\t<div class=\"elementor-widget-container\">\n\t\t\t\t\t\t\t<div class=\"elementor-image-carousel-wrapper swiper\" role=\"region\" aria-roledescription=\"carousel\" aria-label=\"Image Carousel\" dir=\"ltr\">\n\t\t\t<div class=\"elementor-image-carousel swiper-wrapper\" aria-live=\"off\">\n\t\t\t\t\t\t\t\t<div class=\"swiper-slide\" role=\"group\" aria-roledescription=\"slide\" aria-label=\"1 de 7\"><figure class=\"swiper-slide-inner\"><img decoding=\"async\" class=\"swiper-slide-image\" src=\"https:\/\/klipo.org\/wp-content\/uploads\/2025\/07\/Captura-de-pantalla-2025-07-07-232901.png\" alt=\"Captura de pantalla 2025-07-07 232901\" \/><\/figure><\/div><div class=\"swiper-slide\" role=\"group\" aria-roledescription=\"slide\" aria-label=\"2 de 7\"><figure class=\"swiper-slide-inner\"><img decoding=\"async\" class=\"swiper-slide-image\" src=\"https:\/\/klipo.org\/wp-content\/uploads\/2025\/07\/Captura-de-pantalla-2025-07-07-232941.png\" alt=\"Captura de pantalla 2025-07-07 232941\" \/><\/figure><\/div><div class=\"swiper-slide\" role=\"group\" aria-roledescription=\"slide\" aria-label=\"3 de 7\"><figure class=\"swiper-slide-inner\"><img decoding=\"async\" class=\"swiper-slide-image\" src=\"https:\/\/klipo.org\/wp-content\/uploads\/2025\/07\/Captura-de-pantalla-2025-07-07-232953.png\" alt=\"Captura de pantalla 2025-07-07 232953\" \/><\/figure><\/div><div class=\"swiper-slide\" role=\"group\" aria-roledescription=\"slide\" aria-label=\"4 de 7\"><figure class=\"swiper-slide-inner\"><img decoding=\"async\" class=\"swiper-slide-image\" src=\"https:\/\/klipo.org\/wp-content\/uploads\/2025\/07\/Captura-de-pantalla-2025-07-07-232915.png\" alt=\"Captura de pantalla 2025-07-07 232915\" \/><\/figure><\/div><div class=\"swiper-slide\" role=\"group\" aria-roledescription=\"slide\" aria-label=\"5 de 7\"><figure class=\"swiper-slide-inner\"><img decoding=\"async\" class=\"swiper-slide-image\" src=\"https:\/\/klipo.org\/wp-content\/uploads\/2025\/07\/Captura-de-pantalla-2025-07-07-232927.png\" alt=\"Captura de pantalla 2025-07-07 232927\" \/><\/figure><\/div><div class=\"swiper-slide\" role=\"group\" aria-roledescription=\"slide\" aria-label=\"6 de 7\"><figure class=\"swiper-slide-inner\"><img decoding=\"async\" class=\"swiper-slide-image\" src=\"https:\/\/klipo.org\/wp-content\/uploads\/2025\/07\/Captura-de-pantalla-2025-07-07-233004.png\" alt=\"Captura de pantalla 2025-07-07 233004\" \/><\/figure><\/div><div class=\"swiper-slide\" role=\"group\" aria-roledescription=\"slide\" aria-label=\"7 de 7\"><figure class=\"swiper-slide-inner\"><img decoding=\"async\" class=\"swiper-slide-image\" src=\"https:\/\/klipo.org\/wp-content\/uploads\/2025\/07\/Captura-de-pantalla-2025-07-07-233015.png\" alt=\"Captura de pantalla 2025-07-07 233015\" \/><\/figure><\/div>\t\t\t<\/div>\n\t\t\t\t\t\t\t\n\t\t\t\t\t\t\t\t\t<\/div>\n\t\t\t\t\t\t<\/div>\n\t\t\t\t<\/div>\n\t\t\t\t<\/div>\n\t\t\t\t\t<\/div>\n\t\t\t\t<\/div>\n\t\t<div class=\"elementor-element elementor-element-a16b9bb e-flex e-con-boxed e-con e-parent\" data-id=\"a16b9bb\" data-element_type=\"container\" data-e-type=\"container\" data-settings=\"{&quot;jet_parallax_layout_list&quot;:[]}\">\n\t\t\t\t\t<div class=\"e-con-inner\">\n\t\t<div class=\"elementor-element elementor-element-6d8584b e-con-full e-flex e-con e-child\" data-id=\"6d8584b\" data-element_type=\"container\" data-e-type=\"container\" data-settings=\"{&quot;jet_parallax_layout_list&quot;:[]}\">\n\t\t\t\t<div class=\"elementor-element elementor-element-89d05f9 elementor-widget elementor-widget-image-carousel\" data-id=\"89d05f9\" data-element_type=\"widget\" data-e-type=\"widget\" data-settings=\"{&quot;slides_to_show&quot;:&quot;1&quot;,&quot;navigation&quot;:&quot;none&quot;,&quot;autoplay&quot;:&quot;yes&quot;,&quot;pause_on_hover&quot;:&quot;yes&quot;,&quot;pause_on_interaction&quot;:&quot;yes&quot;,&quot;autoplay_speed&quot;:5000,&quot;infinite&quot;:&quot;yes&quot;,&quot;effect&quot;:&quot;slide&quot;,&quot;speed&quot;:500}\" data-widget_type=\"image-carousel.default\">\n\t\t\t\t<div class=\"elementor-widget-container\">\n\t\t\t\t\t\t\t<div class=\"elementor-image-carousel-wrapper swiper\" role=\"region\" aria-roledescription=\"carousel\" aria-label=\"Image Carousel\" dir=\"ltr\">\n\t\t\t<div class=\"elementor-image-carousel swiper-wrapper\" aria-live=\"off\">\n\t\t\t\t\t\t\t\t<div class=\"swiper-slide\" role=\"group\" aria-roledescription=\"slide\" aria-label=\"1 de 6\"><figure class=\"swiper-slide-inner\"><img decoding=\"async\" class=\"swiper-slide-image\" src=\"https:\/\/klipo.org\/wp-content\/uploads\/2025\/07\/Captura-de-pantalla-2025-07-07-232438.png\" alt=\"Captura de pantalla 2025-07-07 232438\" \/><\/figure><\/div><div class=\"swiper-slide\" role=\"group\" aria-roledescription=\"slide\" aria-label=\"2 de 6\"><figure class=\"swiper-slide-inner\"><img decoding=\"async\" class=\"swiper-slide-image\" src=\"https:\/\/klipo.org\/wp-content\/uploads\/2025\/07\/Captura-de-pantalla-2025-07-07-232426.png\" alt=\"Captura de pantalla 2025-07-07 232426\" \/><\/figure><\/div><div class=\"swiper-slide\" role=\"group\" aria-roledescription=\"slide\" aria-label=\"3 de 6\"><figure class=\"swiper-slide-inner\"><img decoding=\"async\" class=\"swiper-slide-image\" src=\"https:\/\/klipo.org\/wp-content\/uploads\/2025\/07\/Captura-de-pantalla-2025-07-07-231529.png\" alt=\"Captura de pantalla 2025-07-07 231529\" \/><\/figure><\/div><div class=\"swiper-slide\" role=\"group\" aria-roledescription=\"slide\" aria-label=\"4 de 6\"><figure class=\"swiper-slide-inner\"><img decoding=\"async\" class=\"swiper-slide-image\" src=\"https:\/\/klipo.org\/wp-content\/uploads\/2025\/07\/Captura-de-pantalla-2025-07-07-232356.png\" alt=\"Captura de pantalla 2025-07-07 232356\" \/><\/figure><\/div><div class=\"swiper-slide\" role=\"group\" aria-roledescription=\"slide\" aria-label=\"5 de 6\"><figure class=\"swiper-slide-inner\"><img decoding=\"async\" class=\"swiper-slide-image\" src=\"https:\/\/klipo.org\/wp-content\/uploads\/2025\/07\/Captura-de-pantalla-2025-07-07-231924.png\" alt=\"Captura de pantalla 2025-07-07 231924\" \/><\/figure><\/div><div class=\"swiper-slide\" role=\"group\" aria-roledescription=\"slide\" aria-label=\"6 de 6\"><figure class=\"swiper-slide-inner\"><img decoding=\"async\" class=\"swiper-slide-image\" src=\"https:\/\/klipo.org\/wp-content\/uploads\/2025\/07\/Captura-de-pantalla-2025-07-07-232414.png\" alt=\"Captura de pantalla 2025-07-07 232414\" \/><\/figure><\/div>\t\t\t<\/div>\n\t\t\t\t\t\t\t\n\t\t\t\t\t\t\t\t\t<\/div>\n\t\t\t\t\t\t<\/div>\n\t\t\t\t<\/div>\n\t\t\t\t<\/div>\n\t\t<div class=\"elementor-element elementor-element-8438854 e-con-full e-flex e-con e-child\" data-id=\"8438854\" data-element_type=\"container\" data-e-type=\"container\" data-settings=\"{&quot;jet_parallax_layout_list&quot;:[]}\">\n\t\t\t\t<div class=\"elementor-element elementor-element-b3d6fa8 elementor-widget elementor-widget-heading\" data-id=\"b3d6fa8\" data-element_type=\"widget\" data-e-type=\"widget\" data-widget_type=\"heading.default\">\n\t\t\t\t<div class=\"elementor-widget-container\">\n\t\t\t\t\t<h2 class=\"elementor-heading-title elementor-size-default\">Despertando las mentes j\u00f3venes con STEM<\/h2>\t\t\t\t<\/div>\n\t\t\t\t<\/div>\n\t\t\t\t<div class=\"elementor-element elementor-element-3d39d05 elementor-widget elementor-widget-text-editor\" data-id=\"3d39d05\" data-element_type=\"widget\" data-e-type=\"widget\" data-widget_type=\"text-editor.default\">\n\t\t\t\t<div class=\"elementor-widget-container\">\n\t\t\t\t\t\t\t\t\t<p class=\"ds-markdown-paragraph\">Nuestros\u00a0<strong>Cursos STEM<\/strong>\u00a0est\u00e1n dise\u00f1ados para ni\u00f1os de\u00a0<strong>8 a 14 a\u00f1os<\/strong>148 \/ 5,000\nTransformamos la curiosidad en creatividad mediante el aprendizaje pr\u00e1ctico basado en proyectos. Hacemos que los conceptos complejos sean divertidos y accesibles, ayudando a los ni\u00f1os a desarrollarse.\u00a0<strong>habilidades para resolver problemas, pensamiento l\u00f3gico y pasi\u00f3n por la innovaci\u00f3n.<\/strong>.<\/p><h4><strong>Our STEM Courses:<\/strong><\/h4><p class=\"ds-markdown-paragraph\">\ud83d\udd39\u00a0<strong>Minecraft <\/strong><strong>Coding <\/strong>\u00a0- Tus hijos aprender\u00e1n a programar con una l\u00f3gica real, mientras dise\u00f1an, desarrollan y automatizan su video juego favorito.<\/p><p class=\"ds-markdown-paragraph\">\ud83d\udd39\u00a0<strong>Micro:bit Coding<\/strong>\u00a0\u2013 From basic coding to creating interactive gadgets, this course brings ideas to life.<br \/>\ud83d\udd39\u00a0<strong>Arcade Coding<\/strong>\u00a0- Los estudiantes dise\u00f1an y programan sus propios videojuegos desde cero.<br \/>\ud83d\udd39\u00a0<strong>Robotics<\/strong>\u00a0Esta es una introducci\u00f3n a la rob\u00f3tica, donde tus hijos dise\u00f1an y programan sus propios robots.<\/p><p class=\"ds-markdown-paragraph\">Al combinar\u00a0<strong>el juego con la educaci\u00f3n,<\/strong>inspiramos a la nueva generaci\u00f3n de\u00a0<strong>programadores, ingenieros y creadores digitales.<\/strong>.<\/p>\t\t\t\t\t\t\t\t<\/div>\n\t\t\t\t<\/div>\n\t\t\t\t<\/div>\n\t\t\t\t\t<\/div>\n\t\t\t\t<\/div>\n\t\t<div class=\"elementor-element elementor-element-784033b e-flex e-con-boxed e-con e-parent\" data-id=\"784033b\" data-element_type=\"container\" data-e-type=\"container\" data-settings=\"{&quot;background_background&quot;:&quot;classic&quot;,&quot;jet_parallax_layout_list&quot;:[]}\">\n\t\t\t\t\t<div class=\"e-con-inner\">\n\t\t\t\t<div class=\"elementor-element elementor-element-b268eec elementor-widget elementor-widget-heading\" data-id=\"b268eec\" data-element_type=\"widget\" data-e-type=\"widget\" data-widget_type=\"heading.default\">\n\t\t\t\t<div class=\"elementor-widget-container\">\n\t\t\t\t\t<h2 class=\"elementor-heading-title elementor-size-default\">Disfruta de la Revoluci\u00f3n Digital<\/h2>\t\t\t\t<\/div>\n\t\t\t\t<\/div>\n\t\t\t\t<div class=\"elementor-element elementor-element-de3835b elementor-widget elementor-widget-text-editor\" data-id=\"de3835b\" data-element_type=\"widget\" data-e-type=\"widget\" data-widget_type=\"text-editor.default\">\n\t\t\t\t<div class=\"elementor-widget-container\">\n\t\t\t\t\t\t\t\t\t<p>Ya sea que sea un padre que busca darle una ventaja a su hijo o una startup lista para adoptar la IA, tenemos el programa perfecto para usted.<\/p><p>Construyamos el futuro, una habilidad a la vez. \ud83d\ude80<\/p>\t\t\t\t\t\t\t\t<\/div>\n\t\t\t\t<\/div>\n\t\t\t\t<div class=\"elementor-element elementor-element-dcbf4a5 elementor-widget elementor-widget-button\" data-id=\"dcbf4a5\" data-element_type=\"widget\" data-e-type=\"widget\" data-widget_type=\"button.default\">\n\t\t\t\t<div class=\"elementor-widget-container\">\n\t\t\t\t\t\t\t\t\t<div class=\"elementor-button-wrapper\">\n\t\t\t\t\t<a class=\"elementor-button elementor-button-link elementor-size-sm\" href=\"https:\/\/academy.klipo.org\">\n\t\t\t\t\t\t<span class=\"elementor-button-content-wrapper\">\n\t\t\t\t\t\t\t\t\t<span class=\"elementor-button-text\">Explorar nuestros cursos<\/span>\n\t\t\t\t\t<\/span>\n\t\t\t\t\t<\/a>\n\t\t\t\t<\/div>\n\t\t\t\t\t\t\t\t<\/div>\n\t\t\t\t<\/div>\n\t\t\t\t\t<\/div>\n\t\t\t\t<\/div>\n\t\t<div class=\"elementor-element elementor-element-a719329 e-flex e-con-boxed e-con e-parent\" data-id=\"a719329\" data-element_type=\"container\" data-e-type=\"container\" data-settings=\"{&quot;jet_parallax_layout_list&quot;:[]}\">\n\t\t\t\t\t<div class=\"e-con-inner\">\n\t\t\t\t<div class=\"elementor-element elementor-element-dbe114b elementor-widget elementor-widget-heading\" data-id=\"dbe114b\" data-element_type=\"widget\" data-e-type=\"widget\" data-widget_type=\"heading.default\">\n\t\t\t\t<div class=\"elementor-widget-container\">\n\t\t\t\t\t<h2 class=\"elementor-heading-title elementor-size-default\">\u00bfpor qu\u00e9 escogernos?<\/h2>\t\t\t\t<\/div>\n\t\t\t\t<\/div>\n\t\t\t\t<div class=\"elementor-element elementor-element-2697c5e elementor-widget elementor-widget-text-editor\" data-id=\"2697c5e\" data-element_type=\"widget\" data-e-type=\"widget\" data-widget_type=\"text-editor.default\">\n\t\t\t\t<div class=\"elementor-widget-container\">\n\t\t\t\t\t\t\t\t\t<p>\u2705\u00a0<strong>Capacitaci\u00f3n dirigida por expertos<\/strong>\u00a0\u2013 Nuestros instructores son profesionales de la industria apasionados por la educaci\u00f3n.<br \/>\u2705\u00a0<strong>Aprendizaje Interactivo<\/strong>\u00a0\u2013 No hay conferencias aburridas, solo experiencias pr\u00e1cticas e interesantes.<br \/>\u2705\u00a0<strong>Habilidades preparadas para el futuro<\/strong>\u00a0\u2013 Ense\u00f1amos lo que m\u00e1s importa en el mercado laboral del ma\u00f1ana.<br \/>\u2705\u00a0<strong>Creatividad inspiradora<\/strong>\u00a0\u2013 No solo ense\u00f1amos tecnolog\u00eda; la nutrimos.\u00a0<strong>innovators<\/strong>.<\/p>\t\t\t\t\t\t\t\t<\/div>\n\t\t\t\t<\/div>\n\t\t\t\t\t<\/div>\n\t\t\t\t<\/div>\n\t\t\t\t<\/div>","protected":false},"excerpt":{"rendered":"<p>\ud83d\ude80&nbsp;Empower&nbsp;Your&nbsp;Future&nbsp;with&nbsp; Artificial&nbsp;Intelligence Data&nbsp;Science Learn&nbsp;AI Discover how AI is transforming industries, streamlining processes, and creating new opportunities. Learn to master this technology and take your business or career to the next level. Booking a call AI for the Next Generation of Startups For entrepreneurs and startups looking to leverage artificial intelligence, we offer a\u00a0structured AI training [&hellip;]<\/p>\n","protected":false},"author":2,"featured_media":0,"parent":0,"menu_order":0,"comment_status":"closed","ping_status":"closed","template":"elementor_header_footer","meta":{"footnotes":""},"class_list":["post-961","page","type-page","status-publish","hentry"],"_links":{"self":[{"href":"https:\/\/klipo.org\/es\/wp-json\/wp\/v2\/pages\/961","targetHints":{"allow":["GET"]}}],"collection":[{"href":"https:\/\/klipo.org\/es\/wp-json\/wp\/v2\/pages"}],"about":[{"href":"https:\/\/klipo.org\/es\/wp-json\/wp\/v2\/types\/page"}],"author":[{"embeddable":true,"href":"https:\/\/klipo.org\/es\/wp-json\/wp\/v2\/users\/2"}],"replies":[{"embeddable":true,"href":"https:\/\/klipo.org\/es\/wp-json\/wp\/v2\/comments?post=961"}],"version-history":[{"count":34,"href":"https:\/\/klipo.org\/es\/wp-json\/wp\/v2\/pages\/961\/revisions"}],"predecessor-version":[{"id":1026,"href":"https:\/\/klipo.org\/es\/wp-json\/wp\/v2\/pages\/961\/revisions\/1026"}],"wp:attachment":[{"href":"https:\/\/klipo.org\/es\/wp-json\/wp\/v2\/media?parent=961"}],"curies":[{"name":"wp","href":"https:\/\/api.w.org\/{rel}","templated":true}]}}